{"id":9686,"date":"2024-09-27T10:39:57","date_gmt":"2024-09-27T10:39:57","guid":{"rendered":"https:\/\/amets.fidenet.net\/?page_id=9686"},"modified":"2024-09-27T11:03:12","modified_gmt":"2024-09-27T11:03:12","slug":"metodologias","status":"publish","type":"page","link":"https:\/\/amets.fidenet.net\/index.php\/metodologias\/","title":{"rendered":"Metodolog\u00edas"},"content":{"rendered":"","protected":false},"excerpt":{"rendered":"","protected":false},"author":3,"featured_media":0,"parent":0,"menu_order":0,"comment_status":"closed","ping_status":"closed","template":"","meta":{"inline_featured_image":false,"neve_meta_sidebar":"","neve_meta_container":"","neve_meta_enable_content_width":"","neve_meta_content_width":0,"neve_meta_title_alignment":"","neve_meta_author_avatar":"","neve_post_elements_order":"","neve_meta_disable_header":"","neve_meta_disable_footer":"","neve_meta_disable_title":"","footnotes":""},"class_list":["post-9686","page","type-page","status-publish","hentry"],"yoast_head":"<!-- This site is optimized with the Yoast SEO plugin v23.5 - https:\/\/yoast.com\/wordpress\/plugins\/seo\/ -->\n<title>Metodolog\u00edas - Gabinete Amets<\/title>\n<meta name=\"description\" content=\"En el gabinete Amets aplicamos metodolog\u00edas educativas innovadoras adaptadas a las necesidades de cada ni\u00f1@, para fomentando su desarrollo.\" \/>\n<meta name=\"robots\" content=\"noindex, follow, max-snippet:-1, max-image-preview:large, max-video-preview:-1\" \/>\n<meta property=\"og:locale\" content=\"es_ES\" \/>\n<meta property=\"og:type\" content=\"article\" \/>\n<meta property=\"og:title\" content=\"Metodolog\u00edas - Gabinete Amets\" \/>\n<meta property=\"og:description\" content=\"En el gabinete Amets aplicamos metodolog\u00edas educativas innovadoras adaptadas a las necesidades de cada ni\u00f1@, para fomentando su desarrollo.\" \/>\n<meta property=\"og:url\" content=\"https:\/\/amets.fidenet.net\/index.php\/metodologias\/\" \/>\n<meta property=\"og:site_name\" content=\"Amets\" \/>\n<meta property=\"article:modified_time\" content=\"2024-09-27T11:03:12+00:00\" \/>\n<meta name=\"twitter:card\" content=\"summary_large_image\" \/>\n<script type=\"application\/ld+json\" class=\"yoast-schema-graph\">{\"@context\":\"https:\/\/schema.org\",\"@graph\":[{\"@type\":\"WebPage\",\"@id\":\"https:\/\/amets.fidenet.net\/index.php\/metodologias\/\",\"url\":\"https:\/\/amets.fidenet.net\/index.php\/metodologias\/\",\"name\":\"Metodolog\u00edas - Gabinete Amets\",\"isPartOf\":{\"@id\":\"https:\/\/amets.fidenet.net\/#website\"},\"datePublished\":\"2024-09-27T10:39:57+00:00\",\"dateModified\":\"2024-09-27T11:03:12+00:00\",\"description\":\"En el gabinete Amets aplicamos metodolog\u00edas educativas innovadoras adaptadas a las necesidades de cada ni\u00f1@, para fomentando su desarrollo.\",\"breadcrumb\":{\"@id\":\"https:\/\/amets.fidenet.net\/index.php\/metodologias\/#breadcrumb\"},\"inLanguage\":\"es\",\"potentialAction\":[{\"@type\":\"ReadAction\",\"target\":[\"https:\/\/amets.fidenet.net\/index.php\/metodologias\/\"]}]},{\"@type\":\"BreadcrumbList\",\"@id\":\"https:\/\/amets.fidenet.net\/index.php\/metodologias\/#breadcrumb\",\"itemListElement\":[{\"@type\":\"ListItem\",\"position\":1,\"name\":\"Portada\",\"item\":\"https:\/\/amets.fidenet.net\/\"},{\"@type\":\"ListItem\",\"position\":2,\"name\":\"Metodolog\u00edas\"}]},{\"@type\":\"WebSite\",\"@id\":\"https:\/\/amets.fidenet.net\/#website\",\"url\":\"https:\/\/amets.fidenet.net\/\",\"name\":\"Amets\",\"description\":\"\",\"publisher\":{\"@id\":\"https:\/\/amets.fidenet.net\/#organization\"},\"potentialAction\":[{\"@type\":\"SearchAction\",\"target\":{\"@type\":\"EntryPoint\",\"urlTemplate\":\"https:\/\/amets.fidenet.net\/?s={search_term_string}\"},\"query-input\":{\"@type\":\"PropertyValueSpecification\",\"valueRequired\":true,\"valueName\":\"search_term_string\"}}],\"inLanguage\":\"es\"},{\"@type\":\"Organization\",\"@id\":\"https:\/\/amets.fidenet.net\/#organization\",\"name\":\"Amets\",\"url\":\"https:\/\/amets.fidenet.net\/\",\"logo\":{\"@type\":\"ImageObject\",\"inLanguage\":\"es\",\"@id\":\"https:\/\/amets.fidenet.net\/#\/schema\/logo\/image\/\",\"url\":\"https:\/\/amets.fidenet.net\/wp-content\/uploads\/2024\/09\/cropped-logo_gabinete_amets1-e1623765976780.jpg\",\"contentUrl\":\"https:\/\/amets.fidenet.net\/wp-content\/uploads\/2024\/09\/cropped-logo_gabinete_amets1-e1623765976780.jpg\",\"width\":512,\"height\":261,\"caption\":\"Amets\"},\"image\":{\"@id\":\"https:\/\/amets.fidenet.net\/#\/schema\/logo\/image\/\"}}]}<\/script>\n<!-- \/ Yoast SEO plugin. -->","yoast_head_json":{"title":"Metodolog\u00edas - Gabinete Amets","description":"En el gabinete Amets aplicamos metodolog\u00edas educativas innovadoras adaptadas a las necesidades de cada ni\u00f1@, para fomentando su desarrollo.","robots":{"index":"noindex","follow":"follow","max-snippet":"max-snippet:-1","max-image-preview":"max-image-preview:large","max-video-preview":"max-video-preview:-1"},"og_locale":"es_ES","og_type":"article","og_title":"Metodolog\u00edas - Gabinete Amets","og_description":"En el gabinete Amets aplicamos metodolog\u00edas educativas innovadoras adaptadas a las necesidades de cada ni\u00f1@, para fomentando su desarrollo.","og_url":"https:\/\/amets.fidenet.net\/index.php\/metodologias\/","og_site_name":"Amets","article_modified_time":"2024-09-27T11:03:12+00:00","twitter_card":"summary_large_image","schema":{"@context":"https:\/\/schema.org","@graph":[{"@type":"WebPage","@id":"https:\/\/amets.fidenet.net\/index.php\/metodologias\/","url":"https:\/\/amets.fidenet.net\/index.php\/metodologias\/","name":"Metodolog\u00edas - Gabinete Amets","isPartOf":{"@id":"https:\/\/amets.fidenet.net\/#website"},"datePublished":"2024-09-27T10:39:57+00:00","dateModified":"2024-09-27T11:03:12+00:00","description":"En el gabinete Amets aplicamos metodolog\u00edas educativas innovadoras adaptadas a las necesidades de cada ni\u00f1@, para fomentando su desarrollo.","breadcrumb":{"@id":"https:\/\/amets.fidenet.net\/index.php\/metodologias\/#breadcrumb"},"inLanguage":"es","potentialAction":[{"@type":"ReadAction","target":["https:\/\/amets.fidenet.net\/index.php\/metodologias\/"]}]},{"@type":"BreadcrumbList","@id":"https:\/\/amets.fidenet.net\/index.php\/metodologias\/#breadcrumb","itemListElement":[{"@type":"ListItem","position":1,"name":"Portada","item":"https:\/\/amets.fidenet.net\/"},{"@type":"ListItem","position":2,"name":"Metodolog\u00edas"}]},{"@type":"WebSite","@id":"https:\/\/amets.fidenet.net\/#website","url":"https:\/\/amets.fidenet.net\/","name":"Amets","description":"","publisher":{"@id":"https:\/\/amets.fidenet.net\/#organization"},"potentialAction":[{"@type":"SearchAction","target":{"@type":"EntryPoint","urlTemplate":"https:\/\/amets.fidenet.net\/?s={search_term_string}"},"query-input":{"@type":"PropertyValueSpecification","valueRequired":true,"valueName":"search_term_string"}}],"inLanguage":"es"},{"@type":"Organization","@id":"https:\/\/amets.fidenet.net\/#organization","name":"Amets","url":"https:\/\/amets.fidenet.net\/","logo":{"@type":"ImageObject","inLanguage":"es","@id":"https:\/\/amets.fidenet.net\/#\/schema\/logo\/image\/","url":"https:\/\/amets.fidenet.net\/wp-content\/uploads\/2024\/09\/cropped-logo_gabinete_amets1-e1623765976780.jpg","contentUrl":"https:\/\/amets.fidenet.net\/wp-content\/uploads\/2024\/09\/cropped-logo_gabinete_amets1-e1623765976780.jpg","width":512,"height":261,"caption":"Amets"},"image":{"@id":"https:\/\/amets.fidenet.net\/#\/schema\/logo\/image\/"}}]}},"jetpack_sharing_enabled":true,"_links":{"self":[{"href":"https:\/\/amets.fidenet.net\/index.php\/wp-json\/wp\/v2\/pages\/9686","targetHints":{"allow":["GET"]}}],"collection":[{"href":"https:\/\/amets.fidenet.net\/index.php\/wp-json\/wp\/v2\/pages"}],"about":[{"href":"https:\/\/amets.fidenet.net\/index.php\/wp-json\/wp\/v2\/types\/page"}],"author":[{"embeddable":true,"href":"https:\/\/amets.fidenet.net\/index.php\/wp-json\/wp\/v2\/users\/3"}],"replies":[{"embeddable":true,"href":"https:\/\/amets.fidenet.net\/index.php\/wp-json\/wp\/v2\/comments?post=9686"}],"version-history":[{"count":2,"href":"https:\/\/amets.fidenet.net\/index.php\/wp-json\/wp\/v2\/pages\/9686\/revisions"}],"predecessor-version":[{"id":9736,"href":"https:\/\/amets.fidenet.net\/index.php\/wp-json\/wp\/v2\/pages\/9686\/revisions\/9736"}],"wp:attachment":[{"href":"https:\/\/amets.fidenet.net\/index.php\/wp-json\/wp\/v2\/media?parent=9686"}],"curies":[{"name":"wp","href":"https:\/\/api.w.org\/{rel}","templated":true}]}}